{"id":129,"date":"2023-10-11T16:23:52","date_gmt":"2023-10-11T14:23:52","guid":{"rendered":"http:\/\/bdese.emalti-rh.fr\/?page_id=129"},"modified":"2023-10-25T09:27:51","modified_gmt":"2023-10-25T07:27:51","slug":"references-emalti-rh","status":"publish","type":"page","link":"https:\/\/bdese.emalti-rh.fr\/index.php\/references-emalti-rh\/","title":{"rendered":"nos r\u00e9f\u00e9rences Emalti-RH"},"content":{"rendered":"\n<p>ils nous font confiance sur le <a href=\"https:\/\/www.emalti-rh.com\/\">logiciel<\/a> Emalti-RH, alors pourquoi pas vous&#8230;.<\/p>\n\n\n\n<div style=\"height:46px\" aria-hidden=\"true\" class=\"wp-block-spacer\"><\/div>\n\n\n\n<h2 class=\"wp-block-heading has-hover-color has-text-color\">moins de 100 salari\u00e9s dans Emalti-RH<\/h2>\n\n\n\n<div style=\"height:50px\" aria-hidden=\"true\" class=\"wp-block-spacer\"><\/div>\n\n\n\n<div class=\"wp-block-columns is-layout-flex wp-container-core-columns-is-layout-28f84493 wp-block-columns-is-layout-flex\">\n<div class=\"wp-block-column is-layout-flow wp-block-column-is-layout-flow\">\n<figure class=\"wp-block-image size-full\"><img loading=\"lazy\" decoding=\"async\" width=\"229\" height=\"100\" src=\"https:\/\/bdese.emalti-rh.fr\/wp-content\/uploads\/2023\/10\/logo-exotest.webp\" alt=\"\" class=\"wp-image-130\"\/><\/figure>\n\n\n\n<p><strong>75 salari\u00e9s<\/strong><\/p>\n\n\n\n<p>Sp\u00e9cialis\u00e9s dans les essais de durabilit\u00e9<\/p>\n<\/div>\n\n\n\n<div class=\"wp-block-column is-layout-flow wp-block-column-is-layout-flow\">\n<figure class=\"wp-block-image size-full is-resized\"><img loading=\"lazy\" decoding=\"async\" width=\"300\" height=\"145\" src=\"https:\/\/bdese.emalti-rh.fr\/wp-content\/uploads\/2023\/10\/limatec.webp\" alt=\"\" class=\"wp-image-131\" style=\"width:213px;height:103px\"\/><\/figure>\n\n\n\n<p><strong>50 salari\u00e9s<\/strong><\/p>\n\n\n\n<p>1er fabricant fran\u00e7ais de syst\u00e8mes d\u2019\u00e9vacuations des eaux us\u00e9es enti\u00e8rement en acier inoxydable<\/p>\n<\/div>\n\n\n\n<div class=\"wp-block-column is-layout-flow wp-block-column-is-layout-flow\">\n<figure class=\"wp-block-image size-full is-resized\"><img loading=\"lazy\" decoding=\"async\" width=\"954\" height=\"641\" src=\"https:\/\/bdese.emalti-rh.fr\/wp-content\/uploads\/2023\/10\/BAT-LOGO-PACKINOV.webp\" alt=\"\" class=\"wp-image-132\" style=\"width:144px;height:97px\" srcset=\"https:\/\/bdese.emalti-rh.fr\/wp-content\/uploads\/2023\/10\/BAT-LOGO-PACKINOV.webp 954w, https:\/\/bdese.emalti-rh.fr\/wp-content\/uploads\/2023\/10\/BAT-LOGO-PACKINOV-300x202.webp 300w, https:\/\/bdese.emalti-rh.fr\/wp-content\/uploads\/2023\/10\/BAT-LOGO-PACKINOV-768x516.webp 768w\" sizes=\"auto, (max-width: 954px) 100vw, 954px\" \/><\/figure>\n\n\n\n<p><strong>50 salari\u00e9s<\/strong><\/p>\n\n\n\n<p>PACKINOV con\u00e7oit et fabrique des \u00e9quipements autonomes et des lignes automatiques adapt\u00e9s au conditionnement de tous produits en contenants rigides<\/p>\n<\/div>\n<\/div>\n\n\n\n<div style=\"height:57px\" aria-hidden=\"true\" class=\"wp-block-spacer\"><\/div>\n\n\n\n<h2 class=\"wp-block-heading has-hover-color has-text-color\">moins de 300 salari\u00e9s dans Emalti-RH<\/h2>\n\n\n\n<div style=\"height:48px\" aria-hidden=\"true\" class=\"wp-block-spacer\"><\/div>\n\n\n\n<div class=\"wp-block-columns is-layout-flex wp-container-core-columns-is-layout-28f84493 wp-block-columns-is-layout-flex\">\n<div class=\"wp-block-column is-layout-flow wp-block-column-is-layout-flow\">\n<figure class=\"wp-block-image size-full\"><img loading=\"lazy\" decoding=\"async\" width=\"448\" height=\"89\" src=\"https:\/\/bdese.emalti-rh.fr\/wp-content\/uploads\/2023\/10\/LogoCap.webp\" alt=\"\" class=\"wp-image-135\" srcset=\"https:\/\/bdese.emalti-rh.fr\/wp-content\/uploads\/2023\/10\/LogoCap.webp 448w, https:\/\/bdese.emalti-rh.fr\/wp-content\/uploads\/2023\/10\/LogoCap-300x60.webp 300w\" sizes=\"auto, (max-width: 448px) 100vw, 448px\" \/><\/figure>\n\n\n\n<p><strong>250 salari\u00e9s<\/strong><\/p>\n\n\n\n<p>Le groupe CapIndustries couvre plusieurs secteurs d&#8217;activit\u00e9s compl\u00e9mentaires : le ferroviaire, les ascenseurs, l&#8217;agencement de b\u00e2timent, la signal\u00e9tique, l&#8217;\u00e9clairage, la conception et l&#8217;am\u00e9nagement d&#8217;espaces commerciaux, la conception et la fabrication de machines \u2026<\/p>\n<\/div>\n\n\n\n<div class=\"wp-block-column is-layout-flow wp-block-column-is-layout-flow\">\n<figure class=\"wp-block-image size-full is-resized\"><img loading=\"lazy\" decoding=\"async\" width=\"211\" height=\"193\" src=\"https:\/\/bdese.emalti-rh.fr\/wp-content\/uploads\/2023\/10\/cave-de-tain-logo.webp\" alt=\"\" class=\"wp-image-136\" style=\"width:149px;height:136px\"\/><\/figure>\n\n\n\n<p><strong>250 salari\u00e9s<\/strong><\/p>\n\n\n\n<p>Sur leurs 5 crus, comme en Collines Rhodaniennes, les vignerons de la Cave de Tain l\u2019Hermitage offrent une vari\u00e9t\u00e9 d\u2019implantation dans le vignoble, in\u00e9gal\u00e9e, un acc\u00e8s \u00e0 tous les terroirs<\/p>\n<\/div>\n\n\n\n<div class=\"wp-block-column is-layout-flow wp-block-column-is-layout-flow\">\n<figure class=\"wp-block-image size-full\"><img loading=\"lazy\" decoding=\"async\" width=\"1000\" height=\"294\" src=\"https:\/\/bdese.emalti-rh.fr\/wp-content\/uploads\/2023\/10\/decons.webp\" alt=\"\" class=\"wp-image-137\" srcset=\"https:\/\/bdese.emalti-rh.fr\/wp-content\/uploads\/2023\/10\/decons.webp 1000w, https:\/\/bdese.emalti-rh.fr\/wp-content\/uploads\/2023\/10\/decons-300x88.webp 300w, https:\/\/bdese.emalti-rh.fr\/wp-content\/uploads\/2023\/10\/decons-768x226.webp 768w\" sizes=\"auto, (max-width: 1000px) 100vw, 1000px\" \/><\/figure>\n\n\n\n<p><strong>200 salari\u00e9s<\/strong><\/p>\n\n\n\n<p>Sp\u00e9cialis\u00e9e dans le secteur d&#8217;activit\u00e9 de la r\u00e9cup\u00e9ration de d\u00e9chets tri\u00e9s<\/p>\n<\/div>\n<\/div>\n\n\n\n<div class=\"wp-block-columns is-layout-flex wp-container-core-columns-is-layout-28f84493 wp-block-columns-is-layout-flex\">\n<div class=\"wp-block-column is-layout-flow wp-block-column-is-layout-flow\">\n<figure class=\"wp-block-image size-full is-resized\"><img loading=\"lazy\" decoding=\"async\" width=\"413\" height=\"188\" src=\"https:\/\/bdese.emalti-rh.fr\/wp-content\/uploads\/2023\/10\/euromedis.webp\" alt=\"\" class=\"wp-image-139\" style=\"width:279px;height:127px\" srcset=\"https:\/\/bdese.emalti-rh.fr\/wp-content\/uploads\/2023\/10\/euromedis.webp 413w, https:\/\/bdese.emalti-rh.fr\/wp-content\/uploads\/2023\/10\/euromedis-300x137.webp 300w\" sizes=\"auto, (max-width: 413px) 100vw, 413px\" \/><\/figure>\n\n\n\n<p>300 salari\u00e9s<\/p>\n\n\n\n<p>Acteur majeur de l\u2019industrie des Dispositifs M\u00e9dicaux et de l&#8217;Assistance M\u00e9dicale \u00e0 Domicile en France, \u00e0 travers la conception de produits \u00e0 usage unique et la vente de produits m\u00e9dicaux et de services associ\u00e9s pour les professionnels de la sant\u00e9, les collectivit\u00e9s locales et les particuliers<\/p>\n<\/div>\n\n\n\n<div class=\"wp-block-column is-layout-flow wp-block-column-is-layout-flow\">\n<figure class=\"wp-block-image size-full\"><img loading=\"lazy\" decoding=\"async\" width=\"200\" height=\"124\" src=\"https:\/\/bdese.emalti-rh.fr\/wp-content\/uploads\/2023\/10\/romet.webp\" alt=\"\" class=\"wp-image-140\"\/><\/figure>\n\n\n\n<p><strong>200 salari\u00e9s<\/strong><\/p>\n\n\n\n<p>Commerce et entretien de machines agricoles<\/p>\n<\/div>\n\n\n\n<div class=\"wp-block-column is-layout-flow wp-block-column-is-layout-flow\">\n<figure class=\"wp-block-image size-full\"><img loading=\"lazy\" decoding=\"async\" width=\"188\" height=\"107\" src=\"https:\/\/bdese.emalti-rh.fr\/wp-content\/uploads\/2023\/10\/clisson.webp\" alt=\"\" class=\"wp-image-141\"\/><\/figure>\n\n\n\n<p><strong>250 salari\u00e9s<\/strong><\/p>\n\n\n\n<p>Offre globale en produits m\u00e9tallurgiques standards et sur-mesure<\/p>\n<\/div>\n<\/div>\n\n\n\n<div class=\"wp-block-columns is-layout-flex wp-container-core-columns-is-layout-28f84493 wp-block-columns-is-layout-flex\">\n<div class=\"wp-block-column is-layout-flow wp-block-column-is-layout-flow\">\n<figure class=\"wp-block-image size-full is-resized\"><img loading=\"lazy\" decoding=\"async\" width=\"640\" height=\"241\" src=\"https:\/\/bdese.emalti-rh.fr\/wp-content\/uploads\/2023\/10\/logo-lely.webp\" alt=\"\" class=\"wp-image-143\" style=\"width:224px;height:84px\" srcset=\"https:\/\/bdese.emalti-rh.fr\/wp-content\/uploads\/2023\/10\/logo-lely.webp 640w, https:\/\/bdese.emalti-rh.fr\/wp-content\/uploads\/2023\/10\/logo-lely-300x113.webp 300w\" sizes=\"auto, (max-width: 640px) 100vw, 640px\" \/><\/figure>\n\n\n\n<p><strong>250 salari\u00e9s<\/strong><\/p>\n\n\n\n<p>Collecte, transport, traitement, valorisation et recyclage des d\u00e9chets en Is\u00e8re<\/p>\n<\/div>\n\n\n\n<div class=\"wp-block-column is-layout-flow wp-block-column-is-layout-flow\">\n<figure class=\"wp-block-image size-full\"><img loading=\"lazy\" decoding=\"async\" width=\"235\" height=\"58\" src=\"https:\/\/bdese.emalti-rh.fr\/wp-content\/uploads\/2023\/10\/nesmond.webp\" alt=\"\" class=\"wp-image-144\"\/><\/figure>\n\n\n\n<p><strong>250 salari\u00e9s<\/strong><\/p>\n\n\n\n<p>Leader aux Antilles dans la distribution de produits et services pour le b\u00e2timent<\/p>\n<\/div>\n\n\n\n<div class=\"wp-block-column is-layout-flow wp-block-column-is-layout-flow\">\n<figure class=\"wp-block-image size-full\"><img loading=\"lazy\" decoding=\"async\" width=\"180\" height=\"76\" src=\"https:\/\/bdese.emalti-rh.fr\/wp-content\/uploads\/2023\/10\/raffinerie-du-midi.webp\" alt=\"\" class=\"wp-image-145\"\/><\/figure>\n\n\n\n<p><strong>160 salari\u00e9s<\/strong><\/p>\n\n\n\n<p>Raffinerie du Midi est une soci\u00e9t\u00e9 centenaire sp\u00e9cialis\u00e9e dans la r\u00e9ception, le stockage et la distribution des produits p\u00e9troliers finis<\/p>\n<\/div>\n<\/div>\n\n\n\n<div class=\"wp-block-columns is-layout-flex wp-container-core-columns-is-layout-28f84493 wp-block-columns-is-layout-flex\">\n<div class=\"wp-block-column is-layout-flow wp-block-column-is-layout-flow\">\n<figure class=\"wp-block-image size-full\"><img loading=\"lazy\" decoding=\"async\" width=\"313\" height=\"161\" src=\"https:\/\/bdese.emalti-rh.fr\/wp-content\/uploads\/2023\/10\/EPAPS.webp\" alt=\"\" class=\"wp-image-149\" srcset=\"https:\/\/bdese.emalti-rh.fr\/wp-content\/uploads\/2023\/10\/EPAPS.webp 313w, https:\/\/bdese.emalti-rh.fr\/wp-content\/uploads\/2023\/10\/EPAPS-300x154.webp 300w\" sizes=\"auto, (max-width: 313px) 100vw, 313px\" \/><\/figure>\n\n\n\n<p><strong>110 salari\u00e9s<\/strong><\/p>\n\n\n\n<p>Am\u00e9nager un p\u00f4le d&#8217;excellence scientifique et technologique sur un territoire durable et agr\u00e9able \u00e0 vivre<\/p>\n<\/div>\n\n\n\n<div class=\"wp-block-column is-layout-flow wp-block-column-is-layout-flow\">\n<figure class=\"wp-block-image size-full is-resized\"><img loading=\"lazy\" decoding=\"async\" width=\"379\" height=\"179\" src=\"https:\/\/bdese.emalti-rh.fr\/wp-content\/uploads\/2023\/10\/Fromagere_Du_Livradois.webp\" alt=\"\" class=\"wp-image-150\" style=\"width:347px;height:164px\" srcset=\"https:\/\/bdese.emalti-rh.fr\/wp-content\/uploads\/2023\/10\/Fromagere_Du_Livradois.webp 379w, https:\/\/bdese.emalti-rh.fr\/wp-content\/uploads\/2023\/10\/Fromagere_Du_Livradois-300x142.webp 300w\" sizes=\"auto, (max-width: 379px) 100vw, 379px\" \/><\/figure>\n\n\n\n<p><strong>250 salari\u00e9s<\/strong><\/p>\n\n\n\n<p>la Soci\u00e9t\u00e9 Fromag\u00e8re du Livradois perp\u00e9tue la fabrication traditionnelle laiti\u00e8re et fermi\u00e8re de nombreux fromages auvergnats, bas\u00e9e sur la qualit\u00e9 du lait, des proc\u00e9d\u00e9s de fabrication immuables et une qualit\u00e9 d&#8217;affinage exceptionnelle<\/p>\n<\/div>\n<\/div>\n\n\n\n<div style=\"height:64px\" aria-hidden=\"true\" class=\"wp-block-spacer\"><\/div>\n\n\n\n<h2 class=\"wp-block-heading has-hover-color has-text-color\">300 salari\u00e9s et plus<\/h2>\n\n\n\n<div style=\"height:45px\" aria-hidden=\"true\" class=\"wp-block-spacer\"><\/div>\n\n\n\n<div class=\"wp-block-columns is-layout-flex wp-container-core-columns-is-layout-28f84493 wp-block-columns-is-layout-flex\">\n<div class=\"wp-block-column is-layout-flow wp-block-column-is-layout-flow\">\n<figure class=\"wp-block-image size-full is-resized\"><img loading=\"lazy\" decoding=\"async\" width=\"136\" height=\"173\" src=\"https:\/\/bdese.emalti-rh.fr\/wp-content\/uploads\/2023\/10\/nicollin.webp\" alt=\"\" class=\"wp-image-153\" style=\"width:94px;height:120px\"\/><\/figure>\n\n\n\n<p><strong>7 500 salari\u00e9s<\/strong><\/p>\n\n\n\n<p>De la gestion de vos d\u00e9chets \u00e0 la propret\u00e9 de vos b\u00e2timents en passant par des prestations de gardiennage ou d\u2019accueil<\/p>\n<\/div>\n\n\n\n<div class=\"wp-block-column is-layout-flow wp-block-column-is-layout-flow\">\n<figure class=\"wp-block-image size-full\"><img loading=\"lazy\" decoding=\"async\" width=\"277\" height=\"83\" src=\"https:\/\/bdese.emalti-rh.fr\/wp-content\/uploads\/2023\/10\/logo-denisMat.webp\" alt=\"\" class=\"wp-image-151\"\/><\/figure>\n\n\n\n<p><strong>500 salari\u00e9s<\/strong><\/p>\n\n\n\n<p>Acteur incontournable dans le secteur du n\u00e9goce de mat\u00e9riaux de construction<\/p>\n<\/div>\n\n\n\n<div class=\"wp-block-column is-layout-flow wp-block-column-is-layout-flow\">\n<figure class=\"wp-block-image size-full is-resized\"><img loading=\"lazy\" decoding=\"async\" width=\"400\" height=\"146\" src=\"https:\/\/bdese.emalti-rh.fr\/wp-content\/uploads\/2023\/10\/fruehauf.webp\" alt=\"\" class=\"wp-image-152\" style=\"width:268px;height:98px\" srcset=\"https:\/\/bdese.emalti-rh.fr\/wp-content\/uploads\/2023\/10\/fruehauf.webp 400w, https:\/\/bdese.emalti-rh.fr\/wp-content\/uploads\/2023\/10\/fruehauf-300x110.webp 300w\" sizes=\"auto, (max-width: 400px) 100vw, 400px\" \/><\/figure>\n\n\n\n<p><strong>650 salari\u00e9s<\/strong><\/p>\n\n\n\n<p>Un des leaders du march\u00e9 fran\u00e7ais de remorques et semi-remorques et l\u2019une des premi\u00e8res marques reconnues internationalement<\/p>\n<\/div>\n<\/div>\n\n\n\n<p><\/p>\n\n\n\n<div class=\"wp-block-columns is-layout-flex wp-container-core-columns-is-layout-28f84493 wp-block-columns-is-layout-flex\">\n<div class=\"wp-block-column is-layout-flow wp-block-column-is-layout-flow\">\n<figure class=\"wp-block-image size-full\"><img loading=\"lazy\" decoding=\"async\" width=\"441\" height=\"114\" src=\"https:\/\/bdese.emalti-rh.fr\/wp-content\/uploads\/2023\/10\/Satoriz.webp\" alt=\"\" class=\"wp-image-154\" srcset=\"https:\/\/bdese.emalti-rh.fr\/wp-content\/uploads\/2023\/10\/Satoriz.webp 441w, https:\/\/bdese.emalti-rh.fr\/wp-content\/uploads\/2023\/10\/Satoriz-300x78.webp 300w\" sizes=\"auto, (max-width: 441px) 100vw, 441px\" \/><\/figure>\n\n\n\n<p><strong>800 salari\u00e9s<\/strong><\/p>\n\n\n\n<p>Depuis 1981, Satoriz commercialise des produits bio et s\u2019engage pour l\u2019\u00e9cologie<\/p>\n<\/div>\n\n\n\n<div class=\"wp-block-column is-layout-flow wp-block-column-is-layout-flow\">\n<figure class=\"wp-block-image size-full\"><img loading=\"lazy\" decoding=\"async\" width=\"208\" height=\"93\" src=\"https:\/\/bdese.emalti-rh.fr\/wp-content\/uploads\/2023\/10\/Vins_Gerard_BERTRAND.webp\" alt=\"\" class=\"wp-image-155\"\/><\/figure>\n\n\n\n<p><strong>500 salari\u00e9s<\/strong><\/p>\n\n\n\n<p>Le groupe G\u00e9rard Bertrand est le fer de lance d\u2019une viticulture engag\u00e9e pour un futur meilleur men\u00e9 par son fondateur, le vigneron \u00e9ponyme. Avec les crus r\u00e9f\u00e9rents en biodynamie du Languedoc, nous cr\u00e9ons des grands vins empreints de toutes les nuances de leur terroir<\/p>\n<\/div>\n<\/div>\n\n\n\n<div class=\"wp-block-group alignfull has-text-color has-background is-layout-flow wp-block-group-is-layout-flow\" style=\"color:#000000;background-color:#ffffff\">\n<div style=\"height:64px\" aria-hidden=\"true\" class=\"wp-block-spacer\"><\/div>\n\n\n\n<h2 class=\"wp-block-heading has-text-align-center\" id=\"schedule-a-visit\" style=\"font-size:59px;line-height:1.15\"><strong>une d\u00e9mo<\/strong> d&#8217;Emalti-RH ?<\/h2>\n\n\n\n<div class=\"wp-block-buttons is-horizontal is-content-justification-center is-layout-flex wp-container-core-buttons-is-layout-03627597 wp-block-buttons-is-layout-flex\">\n<div class=\"wp-block-button has-custom-width wp-block-button__width-50\"><a class=\"wp-block-button__link has-hover-background-color has-text-color has-background wp-element-button\" href=\"https:\/\/bdese.emalti-rh.fr\/index.php\/web-demo-gratuite\/\" style=\"border-radius:50px;color:#ffffff\">c&#8217;est gratuit, et c&#8217;est par ici&#8230;<\/a><\/div>\n<\/div>\n\n\n\n<div style=\"height:64px\" aria-hidden=\"true\" class=\"wp-block-spacer\"><\/div>\n<\/div>\n","protected":false},"excerpt":{"rendered":"<p>ils nous font confiance sur le logiciel Emalti-RH, alors pourquoi pas vous&#8230;. moins de 100 salari\u00e9s dans Emalti-RH 75 salari\u00e9s Sp\u00e9cialis\u00e9s dans les essais de durabilit\u00e9 50 salari\u00e9s 1er fabricant fran\u00e7ais de syst\u00e8mes d\u2019\u00e9vacuations des eaux us\u00e9es enti\u00e8rement en acier inoxydable 50 salari\u00e9s PACKINOV con\u00e7oit et fabrique des \u00e9quipements autonomes et des lignes automatiques adapt\u00e9s [&hellip;]<\/p>\n","protected":false},"author":1,"featured_media":0,"parent":0,"menu_order":0,"comment_status":"closed","ping_status":"closed","template":"","meta":{"om_disable_all_campaigns":false,"_monsterinsights_skip_tracking":false,"_monsterinsights_sitenote_active":false,"_monsterinsights_sitenote_note":"","_monsterinsights_sitenote_category":0,"_uf_show_specific_survey":0,"_uf_disable_surveys":false,"footnotes":""},"class_list":["post-129","page","type-page","status-publish","hentry"],"yoast_head":"<!-- This site is optimized with the Yoast SEO Premium plugin v23.1 (Yoast SEO v27.2) - https:\/\/yoast.com\/product\/yoast-seo-premium-wordpress\/ -->\n<title>Emalti-RH - nos r\u00e9f\u00e9rences - BDESE par Emalti-RH<\/title>\n<meta name=\"description\" content=\"Ils ont choisi la solution SIRH Emalti-RH pour la gestion et le pilotage de leurs ressources humaines au quotidien.\" \/>\n<meta name=\"robots\" content=\"index, follow, max-snippet:-1, max-image-preview:large, max-video-preview:-1\" \/>\n<link rel=\"canonical\" href=\"https:\/\/bdese.emalti-rh.fr\/index.php\/references-emalti-rh\/\" \/>\n<meta property=\"og:locale\" content=\"fr_FR\" \/>\n<meta property=\"og:type\" content=\"article\" \/>\n<meta property=\"og:title\" content=\"nos r\u00e9f\u00e9rences Emalti-RH\" \/>\n<meta property=\"og:description\" content=\"Ils ont choisi la solution SIRH Emalti-RH pour la gestion et le pilotage de leurs ressources humaines au quotidien.\" \/>\n<meta property=\"og:url\" content=\"https:\/\/bdese.emalti-rh.fr\/index.php\/references-emalti-rh\/\" \/>\n<meta property=\"og:site_name\" content=\"BDESE par Emalti-RH\" \/>\n<meta property=\"article:modified_time\" content=\"2023-10-25T07:27:51+00:00\" \/>\n<meta property=\"og:image\" content=\"http:\/\/bdese.emalti-rh.fr\/wp-content\/uploads\/2023\/10\/logo-exotest.webp\" \/>\n<meta name=\"twitter:card\" content=\"summary_large_image\" \/>\n<meta name=\"twitter:label1\" content=\"Dur\u00e9e de lecture estim\u00e9e\" \/>\n\t<meta name=\"twitter:data1\" content=\"7 minutes\" \/>\n<script type=\"application\/ld+json\" class=\"yoast-schema-graph\">{\"@context\":\"https:\/\/schema.org\",\"@graph\":[{\"@type\":\"WebPage\",\"@id\":\"https:\/\/bdese.emalti-rh.fr\/index.php\/references-emalti-rh\/\",\"url\":\"https:\/\/bdese.emalti-rh.fr\/index.php\/references-emalti-rh\/\",\"name\":\"Emalti-RH - nos r\u00e9f\u00e9rences - BDESE par Emalti-RH\",\"isPartOf\":{\"@id\":\"https:\/\/bdese.emalti-rh.fr\/#website\"},\"primaryImageOfPage\":{\"@id\":\"https:\/\/bdese.emalti-rh.fr\/index.php\/references-emalti-rh\/#primaryimage\"},\"image\":{\"@id\":\"https:\/\/bdese.emalti-rh.fr\/index.php\/references-emalti-rh\/#primaryimage\"},\"thumbnailUrl\":\"http:\/\/bdese.emalti-rh.fr\/wp-content\/uploads\/2023\/10\/logo-exotest.webp\",\"datePublished\":\"2023-10-11T14:23:52+00:00\",\"dateModified\":\"2023-10-25T07:27:51+00:00\",\"description\":\"Ils ont choisi la solution SIRH Emalti-RH pour la gestion et le pilotage de leurs ressources humaines au quotidien.\",\"breadcrumb\":{\"@id\":\"https:\/\/bdese.emalti-rh.fr\/index.php\/references-emalti-rh\/#breadcrumb\"},\"inLanguage\":\"fr-FR\",\"potentialAction\":[{\"@type\":\"ReadAction\",\"target\":[\"https:\/\/bdese.emalti-rh.fr\/index.php\/references-emalti-rh\/\"]}]},{\"@type\":\"ImageObject\",\"inLanguage\":\"fr-FR\",\"@id\":\"https:\/\/bdese.emalti-rh.fr\/index.php\/references-emalti-rh\/#primaryimage\",\"url\":\"http:\/\/bdese.emalti-rh.fr\/wp-content\/uploads\/2023\/10\/logo-exotest.webp\",\"contentUrl\":\"http:\/\/bdese.emalti-rh.fr\/wp-content\/uploads\/2023\/10\/logo-exotest.webp\"},{\"@type\":\"BreadcrumbList\",\"@id\":\"https:\/\/bdese.emalti-rh.fr\/index.php\/references-emalti-rh\/#breadcrumb\",\"itemListElement\":[{\"@type\":\"ListItem\",\"position\":1,\"name\":\"Accueil\",\"item\":\"https:\/\/bdese.emalti-rh.fr\/\"},{\"@type\":\"ListItem\",\"position\":2,\"name\":\"nos r\u00e9f\u00e9rences Emalti-RH\"}]},{\"@type\":\"WebSite\",\"@id\":\"https:\/\/bdese.emalti-rh.fr\/#website\",\"url\":\"https:\/\/bdese.emalti-rh.fr\/\",\"name\":\"BDESE par Emalti-RH\",\"description\":\"diffusez simplement et rapidement votre BDESE\",\"publisher\":{\"@id\":\"https:\/\/bdese.emalti-rh.fr\/#organization\"},\"potentialAction\":[{\"@type\":\"SearchAction\",\"target\":{\"@type\":\"EntryPoint\",\"urlTemplate\":\"https:\/\/bdese.emalti-rh.fr\/?s={search_term_string}\"},\"query-input\":{\"@type\":\"PropertyValueSpecification\",\"valueRequired\":true,\"valueName\":\"search_term_string\"}}],\"inLanguage\":\"fr-FR\"},{\"@type\":\"Organization\",\"@id\":\"https:\/\/bdese.emalti-rh.fr\/#organization\",\"name\":\"Emalti-RH\",\"url\":\"https:\/\/bdese.emalti-rh.fr\/\",\"logo\":{\"@type\":\"ImageObject\",\"inLanguage\":\"fr-FR\",\"@id\":\"https:\/\/bdese.emalti-rh.fr\/#\/schema\/logo\/image\/\",\"url\":\"http:\/\/bdese.emalti-rh.fr\/wp-content\/uploads\/2023\/10\/emaltiRH-594x205-1.png\",\"contentUrl\":\"http:\/\/bdese.emalti-rh.fr\/wp-content\/uploads\/2023\/10\/emaltiRH-594x205-1.png\",\"width\":594,\"height\":205,\"caption\":\"Emalti-RH\"},\"image\":{\"@id\":\"https:\/\/bdese.emalti-rh.fr\/#\/schema\/logo\/image\/\"},\"sameAs\":[\"https:\/\/www.linkedin.com\/company\/tr-developpement-sas\/\"]}]}<\/script>\n<!-- \/ Yoast SEO Premium plugin. -->","yoast_head_json":{"title":"Emalti-RH - nos r\u00e9f\u00e9rences - BDESE par Emalti-RH","description":"Ils ont choisi la solution SIRH Emalti-RH pour la gestion et le pilotage de leurs ressources humaines au quotidien.","robots":{"index":"index","follow":"follow","max-snippet":"max-snippet:-1","max-image-preview":"max-image-preview:large","max-video-preview":"max-video-preview:-1"},"canonical":"https:\/\/bdese.emalti-rh.fr\/index.php\/references-emalti-rh\/","og_locale":"fr_FR","og_type":"article","og_title":"nos r\u00e9f\u00e9rences Emalti-RH","og_description":"Ils ont choisi la solution SIRH Emalti-RH pour la gestion et le pilotage de leurs ressources humaines au quotidien.","og_url":"https:\/\/bdese.emalti-rh.fr\/index.php\/references-emalti-rh\/","og_site_name":"BDESE par Emalti-RH","article_modified_time":"2023-10-25T07:27:51+00:00","og_image":[{"url":"http:\/\/bdese.emalti-rh.fr\/wp-content\/uploads\/2023\/10\/logo-exotest.webp","type":"","width":"","height":""}],"twitter_card":"summary_large_image","twitter_misc":{"Dur\u00e9e de lecture estim\u00e9e":"7 minutes"},"schema":{"@context":"https:\/\/schema.org","@graph":[{"@type":"WebPage","@id":"https:\/\/bdese.emalti-rh.fr\/index.php\/references-emalti-rh\/","url":"https:\/\/bdese.emalti-rh.fr\/index.php\/references-emalti-rh\/","name":"Emalti-RH - nos r\u00e9f\u00e9rences - BDESE par Emalti-RH","isPartOf":{"@id":"https:\/\/bdese.emalti-rh.fr\/#website"},"primaryImageOfPage":{"@id":"https:\/\/bdese.emalti-rh.fr\/index.php\/references-emalti-rh\/#primaryimage"},"image":{"@id":"https:\/\/bdese.emalti-rh.fr\/index.php\/references-emalti-rh\/#primaryimage"},"thumbnailUrl":"http:\/\/bdese.emalti-rh.fr\/wp-content\/uploads\/2023\/10\/logo-exotest.webp","datePublished":"2023-10-11T14:23:52+00:00","dateModified":"2023-10-25T07:27:51+00:00","description":"Ils ont choisi la solution SIRH Emalti-RH pour la gestion et le pilotage de leurs ressources humaines au quotidien.","breadcrumb":{"@id":"https:\/\/bdese.emalti-rh.fr\/index.php\/references-emalti-rh\/#breadcrumb"},"inLanguage":"fr-FR","potentialAction":[{"@type":"ReadAction","target":["https:\/\/bdese.emalti-rh.fr\/index.php\/references-emalti-rh\/"]}]},{"@type":"ImageObject","inLanguage":"fr-FR","@id":"https:\/\/bdese.emalti-rh.fr\/index.php\/references-emalti-rh\/#primaryimage","url":"http:\/\/bdese.emalti-rh.fr\/wp-content\/uploads\/2023\/10\/logo-exotest.webp","contentUrl":"http:\/\/bdese.emalti-rh.fr\/wp-content\/uploads\/2023\/10\/logo-exotest.webp"},{"@type":"BreadcrumbList","@id":"https:\/\/bdese.emalti-rh.fr\/index.php\/references-emalti-rh\/#breadcrumb","itemListElement":[{"@type":"ListItem","position":1,"name":"Accueil","item":"https:\/\/bdese.emalti-rh.fr\/"},{"@type":"ListItem","position":2,"name":"nos r\u00e9f\u00e9rences Emalti-RH"}]},{"@type":"WebSite","@id":"https:\/\/bdese.emalti-rh.fr\/#website","url":"https:\/\/bdese.emalti-rh.fr\/","name":"BDESE par Emalti-RH","description":"diffusez simplement et rapidement votre BDESE","publisher":{"@id":"https:\/\/bdese.emalti-rh.fr\/#organization"},"potentialAction":[{"@type":"SearchAction","target":{"@type":"EntryPoint","urlTemplate":"https:\/\/bdese.emalti-rh.fr\/?s={search_term_string}"},"query-input":{"@type":"PropertyValueSpecification","valueRequired":true,"valueName":"search_term_string"}}],"inLanguage":"fr-FR"},{"@type":"Organization","@id":"https:\/\/bdese.emalti-rh.fr\/#organization","name":"Emalti-RH","url":"https:\/\/bdese.emalti-rh.fr\/","logo":{"@type":"ImageObject","inLanguage":"fr-FR","@id":"https:\/\/bdese.emalti-rh.fr\/#\/schema\/logo\/image\/","url":"http:\/\/bdese.emalti-rh.fr\/wp-content\/uploads\/2023\/10\/emaltiRH-594x205-1.png","contentUrl":"http:\/\/bdese.emalti-rh.fr\/wp-content\/uploads\/2023\/10\/emaltiRH-594x205-1.png","width":594,"height":205,"caption":"Emalti-RH"},"image":{"@id":"https:\/\/bdese.emalti-rh.fr\/#\/schema\/logo\/image\/"},"sameAs":["https:\/\/www.linkedin.com\/company\/tr-developpement-sas\/"]}]}},"_links":{"self":[{"href":"https:\/\/bdese.emalti-rh.fr\/index.php\/wp-json\/wp\/v2\/pages\/129","targetHints":{"allow":["GET"]}}],"collection":[{"href":"https:\/\/bdese.emalti-rh.fr\/index.php\/wp-json\/wp\/v2\/pages"}],"about":[{"href":"https:\/\/bdese.emalti-rh.fr\/index.php\/wp-json\/wp\/v2\/types\/page"}],"author":[{"embeddable":true,"href":"https:\/\/bdese.emalti-rh.fr\/index.php\/wp-json\/wp\/v2\/users\/1"}],"replies":[{"embeddable":true,"href":"https:\/\/bdese.emalti-rh.fr\/index.php\/wp-json\/wp\/v2\/comments?post=129"}],"version-history":[{"count":14,"href":"https:\/\/bdese.emalti-rh.fr\/index.php\/wp-json\/wp\/v2\/pages\/129\/revisions"}],"predecessor-version":[{"id":457,"href":"https:\/\/bdese.emalti-rh.fr\/index.php\/wp-json\/wp\/v2\/pages\/129\/revisions\/457"}],"wp:attachment":[{"href":"https:\/\/bdese.emalti-rh.fr\/index.php\/wp-json\/wp\/v2\/media?parent=129"}],"curies":[{"name":"wp","href":"https:\/\/api.w.org\/{rel}","templated":true}]}}