{"id":3,"date":"2023-10-05T15:33:22","date_gmt":"2023-10-05T13:33:22","guid":{"rendered":"http:\/\/bdese.emalti-rh.fr\/?page_id=3"},"modified":"2023-10-11T17:52:10","modified_gmt":"2023-10-11T15:52:10","slug":"politique-de-confidentialite","status":"publish","type":"page","link":"https:\/\/bdese.emalti-rh.fr\/index.php\/politique-de-confidentialite\/","title":{"rendered":"Politique de confidentialit\u00e9"},"content":{"rendered":"\n<h2 class=\"wp-block-heading\"><strong>DONN\u00c9ES \u00c0 CARACT\u00c8RE PERSONNEL<\/strong><\/h2>\n\n\n\n<ol class=\"wp-block-list\">\n<li>Les informations nominatives communiqu\u00e9es par les utilisateurs \u00e0 Emalti-RH par l\u2019interm\u00e9diaire de demandes d\u2019informations sur les produits ou services offerts, par des formulaires ou par des questionnaires mis en ligne renseign\u00e9s par les utilisateurs sont n\u00e9cessaires pour le traitement de ces demandes d\u2019information, de ces formulaires ou de ces questionnaires. Elles sont destin\u00e9es \u00e0 Emalti-RH. Elles ne seront communiqu\u00e9es \u00e0 des tiers que pour satisfaire aux obligations l\u00e9gales et r\u00e9glementaires. En communiquant leur(s) num\u00e9ro(s) de t\u00e9l\u00e9phone, fax, adresse ou leur adresse e-mail, les utilisateurs acceptent que Emalti-RH leur adresse des informations par t\u00e9l\u00e9phone, courrier ou e-mail. Dans le cas contraire, l\u2019utilisateur peut user de son droit d\u2019acc\u00e8s, de rectification, de suppression et d\u2019opposition selon les modalit\u00e9s pr\u00e9vues ci-apr\u00e8s.<\/li>\n\n\n\n<li>Le client dispose des droits d\u2019acc\u00e8s, de rectification, de suppression et d\u2019opposition qui peuvent s\u2019effectuer sur simple demande.<\/li>\n\n\n\n<li>Conform\u00e9ment \u00e0 la loi \u00ab&nbsp;informatique et libert\u00e9s&nbsp;\u00bb du 6 janvier 1978 modifi\u00e9e en 2004, vous b\u00e9n\u00e9ficiez d\u2019un droit d\u2019acc\u00e8s et de rectification aux informations qui vous concernent, que vous pouvez exercer en vous adressant au service commercial d\u2019Emalti-RH.<\/li>\n<\/ol>\n\n\n\n<h2 class=\"wp-block-heading\"><strong>T\u00c9MOINS DE CONNEXION<\/strong><\/h2>\n\n\n\n<p>Les utilisateurs du site sont inform\u00e9s que, lors de l\u2019acc\u00e8s au site, des informations peuvent \u00eatre temporairement conserv\u00e9es en m\u00e9moire ou sur leur disque dur afin de faciliter la navigation.<\/p>\n\n\n\n<h2 class=\"wp-block-heading\"><strong>PROPRI\u00c9T\u00c9 INTELLECTUELLE<\/strong><\/h2>\n\n\n\n<ol class=\"wp-block-list\">\n<li>La structure g\u00e9n\u00e9rale, les textes, images anim\u00e9es ou non et tous les \u00e9l\u00e9ments composant ce site Web, sont prot\u00e9g\u00e9s et rel\u00e8vent de la l\u00e9gislation fran\u00e7aise et internationale sur le droit d\u2019auteur et la propri\u00e9t\u00e9 intellectuelle. Tous les droits de reproduction sont r\u00e9serv\u00e9s, y compris pour les documents t\u00e9l\u00e9chargeables et les repr\u00e9sentations iconographiques et photographiques.<\/li>\n\n\n\n<li>Toute reproduction totale ou partielle de ce site ou d\u2019un de ses \u00e9l\u00e9ments sans autorisation expresse et pr\u00e9alable d\u2019Emalti-RH est interdite.<\/li>\n\n\n\n<li>Toute repr\u00e9sentation ou reproduction de ce site ou d\u2019un de ses \u00e9l\u00e9ments, par quelque proc\u00e9d\u00e9 que ce soit, constituerait une contrefa\u00e7on.<\/li>\n<\/ol>\n\n\n\n<h2 class=\"wp-block-heading\"><strong>LIENS<\/strong><\/h2>\n\n\n\n<ol class=\"wp-block-list\">\n<li>Les liens hypertextes mis en place dans le cadre du site Web en direction d\u2019autres ressources pr\u00e9sentes sur le r\u00e9seau Internet ne sauraient engager la responsabilit\u00e9 d\u2019Emalti-RH, notamment sa responsabilit\u00e9, au regard de l\u2019ensemble du contenu des autres ressources directes ou indirectes.<\/li>\n\n\n\n<li>Emalti-RH n\u2019est pas responsable des hyperliens qui peuvent pointer sur ce site et interdit \u00e0 toute personne de mettre en place un tel lien sans son autorisation expresse et pr\u00e9alable. Nous rappelons que le contenu du site Internet peut comporter des inexactitudes ou omissions, et que ce contenu est susceptible d\u2019\u00eatre modifi\u00e9 ou mis \u00e0 jour dans de brefs d\u00e9lais. Malgr\u00e9 tous les soins apport\u00e9s \u00e0 la r\u00e9alisation de ce site et \u00e0 son actualisation r\u00e9guli\u00e8re, des erreurs peuvent s\u2019\u00eatre gliss\u00e9es dans les informations et\/ou documents pr\u00e9sent\u00e9s. Les utilisateurs du site proc\u00e9deront donc \u00e0 toutes v\u00e9rifications utiles. Les informations disponibles dans ce site sont fournies \u00e0 titre indicatif, et sont non contractuelles. A ce titre, Emalti-RH ne saurait supporter aucune demande de d\u00e9dommagement pour pr\u00e9judice direct ou indirect subi par l\u2019internaute \u00e0 la suite de la consultation des informations contenues dans ce site.<\/li>\n\n\n\n<li><strong>Collecte de l\u2019information<\/strong>&nbsp;Nous recueillons des informations lorsque vous vous inscrivez sur notre site, lorsque vous vous connectez \u00e0 votre compte, faites un achat, participez \u00e0 un concours, et \/ ou lorsque vous vous d\u00e9connectez. Les informations recueillies incluent votre nom, votre adresse e-mail, num\u00e9ro de t\u00e9l\u00e9phone, et \/ ou carte de cr\u00e9dit. En outre, nous recevons et enregistrons automatiquement des informations \u00e0 partir de votre ordinateur et navigateur, y compris votre adresse IP, vos logiciels et votre mat\u00e9riel, et la page que vous demandez.<\/li>\n\n\n\n<li><strong>Utilisation des informations<\/strong>\u00a0Toutes les informations que nous recueillons aupr\u00e8s de vous peuvent \u00eatre utilis\u00e9es pour :\n<ul class=\"wp-block-list\">\n<li>Personnaliser votre exp\u00e9rience et r\u00e9pondre \u00e0 vos besoins individuels<\/li>\n\n\n\n<li>Fournir un contenu publicitaire personnalis\u00e9<\/li>\n\n\n\n<li>Am\u00e9liorer notre site Web<\/li>\n\n\n\n<li>Am\u00e9liorer le service client et vos besoins de prise en charge<\/li>\n\n\n\n<li>Vous contacter par e-mail<\/li>\n\n\n\n<li>Administrer un concours, une promotion, ou un enqu\u00eate<\/li>\n<\/ul>\n<\/li>\n\n\n\n<li><strong>Confidentialit\u00e9 du commerce en ligne<\/strong>&nbsp;Nous sommes les seuls propri\u00e9taires des informations recueillies sur ce site. Vos informations personnelles ne seront pas vendues, \u00e9chang\u00e9es, transf\u00e9r\u00e9es, ou donn\u00e9es \u00e0 une autre soci\u00e9t\u00e9 pour n\u2019importe quelles raison, sans votre consentement, en dehors de ce qui est n\u00e9cessaire pour r\u00e9pondre \u00e0 une demande et \/ ou une transaction, comme par exemple pour exp\u00e9dier une commande.<\/li>\n\n\n\n<li><strong>Divulgation \u00e0 des tiers<\/strong>&nbsp;Nous ne vendons, n\u2019\u00e9changeons et ne transf\u00e9rons pas vos informations personnelles identifiables \u00e0 des tiers. Cela ne comprend pas les tierces parties de confiance qui nous aident \u00e0 exploiter notre site Web ou \u00e0 mener nos affaires, tant que ces parties conviennent de garder ces informations confidentielles. Nous pensons qu\u2019il est n\u00e9cessaire de partager des informations afin d\u2019enqu\u00eater, de pr\u00e9venir ou de prendre des mesures concernant des activit\u00e9s ill\u00e9gales, fraudes pr\u00e9sum\u00e9es, situations impliquant des menaces potentielles \u00e0 la s\u00e9curit\u00e9 physique de toute personne, violations de nos conditions d\u2019utilisation, ou quand la loi nous y contraint. Les informations non-priv\u00e9es, cependant, peuvent \u00eatre fournies \u00e0 d\u2019autres parties pour le marketing, la publicit\u00e9, ou d\u2019autres utilisations.<\/li>\n\n\n\n<li><strong>Protection des informations<\/strong>&nbsp;Nous mettons en oeuvre une vari\u00e9t\u00e9 de mesures de s\u00e9curit\u00e9 pour pr\u00e9server la s\u00e9curit\u00e9 de vos informations personnelles. Nous utilisons un cryptage \u00e0 la pointe de la technologie pour prot\u00e9ger les informations sensibles transmises en ligne. Nous prot\u00e9geons \u00e9galement vos informations hors ligne. Seuls les employ\u00e9s qui ont besoin d\u2019effectuer un travail sp\u00e9cifique (par exemple, la facturation ou le service \u00e0 la client\u00e8le) ont acc\u00e8s aux informations personnelles identifiables. Les ordinateurs et serveurs utilis\u00e9s pour stocker des informations personnelles identifiables sont conserv\u00e9s dans un environnement s\u00e9curis\u00e9. Est-ce que nous utilisons des cookies ? Oui. Nos cookies am\u00e9liorent l\u2019acc\u00e8s \u00e0 notre site et identifient les visiteurs r\u00e9guliers. En outre, nos cookies am\u00e9liorent l\u2019exp\u00e9rience d\u2019utilisateur gr\u00e2ce au suivi et au ciblage de ses int\u00e9r\u00eats. Cependant, cette utilisation des cookies n\u2019est en aucune fa\u00e7on li\u00e9e \u00e0 des informations personnelles identifiables sur notre site.<\/li>\n\n\n\n<li><strong>Se d\u00e9sabonner<\/strong>&nbsp;Nous utilisons l\u2019adresse e-mail que vous fournissez pour vous envoyer des informations et mises \u00e0 jour relatives \u00e0 votre commande, des nouvelles de l\u2019entreprise de fa\u00e7on occasionnelle, des informations sur des produits li\u00e9s, etc. Si \u00e0 n\u2019importe quel moment vous souhaitez vous d\u00e9sinscrire et ne plus recevoir d\u2019e-mails, des instructions de d\u00e9sabonnement d\u00e9taill\u00e9es sont incluses en bas de chaque e-mail.<\/li>\n\n\n\n<li><strong>Consentement<\/strong>&nbsp;En utilisant notre site, vous consentez \u00e0 notre politique de confidentialit\u00e9.<\/li>\n<\/ol>\n","protected":false},"excerpt":{"rendered":"<p>DONN\u00c9ES \u00c0 CARACT\u00c8RE PERSONNEL T\u00c9MOINS DE CONNEXION Les utilisateurs du site sont inform\u00e9s que, lors de l\u2019acc\u00e8s au site, des informations peuvent \u00eatre temporairement conserv\u00e9es en m\u00e9moire ou sur leur disque dur afin de faciliter la navigation. PROPRI\u00c9T\u00c9 INTELLECTUELLE LIENS<\/p>\n","protected":false},"author":1,"featured_media":0,"parent":0,"menu_order":0,"comment_status":"closed","ping_status":"open","template":"","meta":{"om_disable_all_campaigns":false,"_monsterinsights_skip_tracking":false,"_monsterinsights_sitenote_active":false,"_monsterinsights_sitenote_note":"","_monsterinsights_sitenote_category":0,"_uf_show_specific_survey":0,"_uf_disable_surveys":false,"footnotes":""},"class_list":["post-3","page","type-page","status-publish","hentry"],"yoast_head":"<!-- This site is optimized with the Yoast SEO Premium plugin v23.1 (Yoast SEO v27.2) - https:\/\/yoast.com\/product\/yoast-seo-premium-wordpress\/ -->\n<title>Politique de confidentialit\u00e9 - BDESE par Emalti-RH<\/title>\n<meta name=\"robots\" content=\"index, follow, max-snippet:-1, max-image-preview:large, max-video-preview:-1\" \/>\n<link rel=\"canonical\" href=\"https:\/\/bdese.emalti-rh.fr\/index.php\/politique-de-confidentialite\/\" \/>\n<meta property=\"og:locale\" content=\"fr_FR\" \/>\n<meta property=\"og:type\" content=\"article\" \/>\n<meta property=\"og:title\" content=\"Politique de confidentialit\u00e9\" \/>\n<meta property=\"og:description\" content=\"DONN\u00c9ES \u00c0 CARACT\u00c8RE PERSONNEL T\u00c9MOINS DE CONNEXION Les utilisateurs du site sont inform\u00e9s que, lors de l\u2019acc\u00e8s au site, des informations peuvent \u00eatre temporairement conserv\u00e9es en m\u00e9moire ou sur leur disque dur afin de faciliter la navigation. PROPRI\u00c9T\u00c9 INTELLECTUELLE LIENS\" \/>\n<meta property=\"og:url\" content=\"https:\/\/bdese.emalti-rh.fr\/index.php\/politique-de-confidentialite\/\" \/>\n<meta property=\"og:site_name\" content=\"BDESE par Emalti-RH\" \/>\n<meta property=\"article:modified_time\" content=\"2023-10-11T15:52:10+00:00\" \/>\n<meta name=\"twitter:card\" content=\"summary_large_image\" \/>\n<meta name=\"twitter:label1\" content=\"Dur\u00e9e de lecture estim\u00e9e\" \/>\n\t<meta name=\"twitter:data1\" content=\"6 minutes\" \/>\n<script type=\"application\/ld+json\" class=\"yoast-schema-graph\">{\"@context\":\"https:\/\/schema.org\",\"@graph\":[{\"@type\":\"WebPage\",\"@id\":\"https:\/\/bdese.emalti-rh.fr\/index.php\/politique-de-confidentialite\/\",\"url\":\"https:\/\/bdese.emalti-rh.fr\/index.php\/politique-de-confidentialite\/\",\"name\":\"Politique de confidentialit\u00e9 - BDESE par Emalti-RH\",\"isPartOf\":{\"@id\":\"https:\/\/bdese.emalti-rh.fr\/#website\"},\"datePublished\":\"2023-10-05T13:33:22+00:00\",\"dateModified\":\"2023-10-11T15:52:10+00:00\",\"breadcrumb\":{\"@id\":\"https:\/\/bdese.emalti-rh.fr\/index.php\/politique-de-confidentialite\/#breadcrumb\"},\"inLanguage\":\"fr-FR\",\"potentialAction\":[{\"@type\":\"ReadAction\",\"target\":[\"https:\/\/bdese.emalti-rh.fr\/index.php\/politique-de-confidentialite\/\"]}]},{\"@type\":\"BreadcrumbList\",\"@id\":\"https:\/\/bdese.emalti-rh.fr\/index.php\/politique-de-confidentialite\/#breadcrumb\",\"itemListElement\":[{\"@type\":\"ListItem\",\"position\":1,\"name\":\"Accueil\",\"item\":\"https:\/\/bdese.emalti-rh.fr\/\"},{\"@type\":\"ListItem\",\"position\":2,\"name\":\"Politique de confidentialit\u00e9\"}]},{\"@type\":\"WebSite\",\"@id\":\"https:\/\/bdese.emalti-rh.fr\/#website\",\"url\":\"https:\/\/bdese.emalti-rh.fr\/\",\"name\":\"BDESE par Emalti-RH\",\"description\":\"diffusez simplement et rapidement votre BDESE\",\"publisher\":{\"@id\":\"https:\/\/bdese.emalti-rh.fr\/#organization\"},\"potentialAction\":[{\"@type\":\"SearchAction\",\"target\":{\"@type\":\"EntryPoint\",\"urlTemplate\":\"https:\/\/bdese.emalti-rh.fr\/?s={search_term_string}\"},\"query-input\":{\"@type\":\"PropertyValueSpecification\",\"valueRequired\":true,\"valueName\":\"search_term_string\"}}],\"inLanguage\":\"fr-FR\"},{\"@type\":\"Organization\",\"@id\":\"https:\/\/bdese.emalti-rh.fr\/#organization\",\"name\":\"Emalti-RH\",\"url\":\"https:\/\/bdese.emalti-rh.fr\/\",\"logo\":{\"@type\":\"ImageObject\",\"inLanguage\":\"fr-FR\",\"@id\":\"https:\/\/bdese.emalti-rh.fr\/#\/schema\/logo\/image\/\",\"url\":\"http:\/\/bdese.emalti-rh.fr\/wp-content\/uploads\/2023\/10\/emaltiRH-594x205-1.png\",\"contentUrl\":\"http:\/\/bdese.emalti-rh.fr\/wp-content\/uploads\/2023\/10\/emaltiRH-594x205-1.png\",\"width\":594,\"height\":205,\"caption\":\"Emalti-RH\"},\"image\":{\"@id\":\"https:\/\/bdese.emalti-rh.fr\/#\/schema\/logo\/image\/\"},\"sameAs\":[\"https:\/\/www.linkedin.com\/company\/tr-developpement-sas\/\"]}]}<\/script>\n<!-- \/ Yoast SEO Premium plugin. -->","yoast_head_json":{"title":"Politique de confidentialit\u00e9 - BDESE par Emalti-RH","robots":{"index":"index","follow":"follow","max-snippet":"max-snippet:-1","max-image-preview":"max-image-preview:large","max-video-preview":"max-video-preview:-1"},"canonical":"https:\/\/bdese.emalti-rh.fr\/index.php\/politique-de-confidentialite\/","og_locale":"fr_FR","og_type":"article","og_title":"Politique de confidentialit\u00e9","og_description":"DONN\u00c9ES \u00c0 CARACT\u00c8RE PERSONNEL T\u00c9MOINS DE CONNEXION Les utilisateurs du site sont inform\u00e9s que, lors de l\u2019acc\u00e8s au site, des informations peuvent \u00eatre temporairement conserv\u00e9es en m\u00e9moire ou sur leur disque dur afin de faciliter la navigation. PROPRI\u00c9T\u00c9 INTELLECTUELLE LIENS","og_url":"https:\/\/bdese.emalti-rh.fr\/index.php\/politique-de-confidentialite\/","og_site_name":"BDESE par Emalti-RH","article_modified_time":"2023-10-11T15:52:10+00:00","twitter_card":"summary_large_image","twitter_misc":{"Dur\u00e9e de lecture estim\u00e9e":"6 minutes"},"schema":{"@context":"https:\/\/schema.org","@graph":[{"@type":"WebPage","@id":"https:\/\/bdese.emalti-rh.fr\/index.php\/politique-de-confidentialite\/","url":"https:\/\/bdese.emalti-rh.fr\/index.php\/politique-de-confidentialite\/","name":"Politique de confidentialit\u00e9 - BDESE par Emalti-RH","isPartOf":{"@id":"https:\/\/bdese.emalti-rh.fr\/#website"},"datePublished":"2023-10-05T13:33:22+00:00","dateModified":"2023-10-11T15:52:10+00:00","breadcrumb":{"@id":"https:\/\/bdese.emalti-rh.fr\/index.php\/politique-de-confidentialite\/#breadcrumb"},"inLanguage":"fr-FR","potentialAction":[{"@type":"ReadAction","target":["https:\/\/bdese.emalti-rh.fr\/index.php\/politique-de-confidentialite\/"]}]},{"@type":"BreadcrumbList","@id":"https:\/\/bdese.emalti-rh.fr\/index.php\/politique-de-confidentialite\/#breadcrumb","itemListElement":[{"@type":"ListItem","position":1,"name":"Accueil","item":"https:\/\/bdese.emalti-rh.fr\/"},{"@type":"ListItem","position":2,"name":"Politique de confidentialit\u00e9"}]},{"@type":"WebSite","@id":"https:\/\/bdese.emalti-rh.fr\/#website","url":"https:\/\/bdese.emalti-rh.fr\/","name":"BDESE par Emalti-RH","description":"diffusez simplement et rapidement votre BDESE","publisher":{"@id":"https:\/\/bdese.emalti-rh.fr\/#organization"},"potentialAction":[{"@type":"SearchAction","target":{"@type":"EntryPoint","urlTemplate":"https:\/\/bdese.emalti-rh.fr\/?s={search_term_string}"},"query-input":{"@type":"PropertyValueSpecification","valueRequired":true,"valueName":"search_term_string"}}],"inLanguage":"fr-FR"},{"@type":"Organization","@id":"https:\/\/bdese.emalti-rh.fr\/#organization","name":"Emalti-RH","url":"https:\/\/bdese.emalti-rh.fr\/","logo":{"@type":"ImageObject","inLanguage":"fr-FR","@id":"https:\/\/bdese.emalti-rh.fr\/#\/schema\/logo\/image\/","url":"http:\/\/bdese.emalti-rh.fr\/wp-content\/uploads\/2023\/10\/emaltiRH-594x205-1.png","contentUrl":"http:\/\/bdese.emalti-rh.fr\/wp-content\/uploads\/2023\/10\/emaltiRH-594x205-1.png","width":594,"height":205,"caption":"Emalti-RH"},"image":{"@id":"https:\/\/bdese.emalti-rh.fr\/#\/schema\/logo\/image\/"},"sameAs":["https:\/\/www.linkedin.com\/company\/tr-developpement-sas\/"]}]}},"_links":{"self":[{"href":"https:\/\/bdese.emalti-rh.fr\/index.php\/wp-json\/wp\/v2\/pages\/3","targetHints":{"allow":["GET"]}}],"collection":[{"href":"https:\/\/bdese.emalti-rh.fr\/index.php\/wp-json\/wp\/v2\/pages"}],"about":[{"href":"https:\/\/bdese.emalti-rh.fr\/index.php\/wp-json\/wp\/v2\/types\/page"}],"author":[{"embeddable":true,"href":"https:\/\/bdese.emalti-rh.fr\/index.php\/wp-json\/wp\/v2\/users\/1"}],"replies":[{"embeddable":true,"href":"https:\/\/bdese.emalti-rh.fr\/index.php\/wp-json\/wp\/v2\/comments?post=3"}],"version-history":[{"count":1,"href":"https:\/\/bdese.emalti-rh.fr\/index.php\/wp-json\/wp\/v2\/pages\/3\/revisions"}],"predecessor-version":[{"id":180,"href":"https:\/\/bdese.emalti-rh.fr\/index.php\/wp-json\/wp\/v2\/pages\/3\/revisions\/180"}],"wp:attachment":[{"href":"https:\/\/bdese.emalti-rh.fr\/index.php\/wp-json\/wp\/v2\/media?parent=3"}],"curies":[{"name":"wp","href":"https:\/\/api.w.org\/{rel}","templated":true}]}}